{"id":600,"date":"2022-03-08T23:52:42","date_gmt":"2022-03-08T23:52:42","guid":{"rendered":"https:\/\/aljezurexperiences.com\/die-schule\/"},"modified":"2022-05-01T11:25:20","modified_gmt":"2022-05-01T11:25:20","slug":"die-schule","status":"publish","type":"page","link":"https:\/\/aljezurexperiences.com\/de\/die-schule\/","title":{"rendered":"Die Schule"},"content":{"rendered":"\t\t<div data-elementor-type=\"wp-page\" data-elementor-id=\"600\" class=\"elementor elementor-600 elementor-12\" data-elementor-post-type=\"page\">\n\t\t\t\t\t\t<section class=\"elementor-section elementor-top-section elementor-element elementor-element-0e695c9 elementor-section-content-middle elementor-reverse-mobile elementor-section-boxed elementor-section-height-default elementor-section-height-default\" data-id=\"0e695c9\" data-element_type=\"section\" data-e-type=\"section\" data-settings=\"{&quot;jet_parallax_layout_list&quot;:[]}\">\n\t\t\t\t\t\t<div class=\"elementor-container elementor-column-gap-default\">\n\t\t\t\t\t<div class=\"elementor-column elementor-col-50 elementor-top-column elementor-element elementor-element-9556958\" data-id=\"9556958\" data-element_type=\"column\" data-e-type=\"column\">\n\t\t\t<div class=\"elementor-widget-wrap elementor-element-populated\">\n\t\t\t\t\t\t<div class=\"elementor-element elementor-element-48fa68a elementor-widget-divider--separator-type-pattern elementor-widget-divider--no-spacing elementor-widget-divider--view-line elementor-widget elementor-widget-divider\" data-id=\"48fa68a\" data-element_type=\"widget\" data-e-type=\"widget\" data-widget_type=\"divider.default\">\n\t\t\t\t<div class=\"elementor-widget-container\">\n\t\t\t\t\t\t\t<div class=\"elementor-divider\" style=\"--divider-pattern-url: url(&quot;data:image\/svg+xml,%3Csvg xmlns=&#039;http:\/\/www.w3.org\/2000\/svg&#039; preserveAspectRatio=&#039;xMidYMid meet&#039; overflow=&#039;visible&#039; height=&#039;100%&#039; viewBox=&#039;0 0 126 26&#039; fill=&#039;black&#039; stroke=&#039;none&#039;%3E%3Cpath d=&#039;M3,10.2c2.6,0,2.6,2,2.6,3.2S4.4,16.5,3,16.5s-3-1.4-3-3.2S0.4,10.2,3,10.2z M18.8,10.2c1.7,0,3.2,1.4,3.2,3.2s-1.4,3.2-3.2,3.2c-1.7,0-3.2-1.4-3.2-3.2S17,10.2,18.8,10.2z M34.6,10.2c1.5,0,2.6,1.4,2.6,3.2s-0.5,3.2-1.9,3.2c-1.5,0-3.4-1.4-3.4-3.2S33.1,10.2,34.6,10.2z M50.5,10.2c1.7,0,3.2,1.4,3.2,3.2s-1.4,3.2-3.2,3.2c-1.7,0-3.3-0.9-3.3-2.6S48.7,10.2,50.5,10.2z M66.2,10.2c1.5,0,3.4,1.4,3.4,3.2s-1.9,3.2-3.4,3.2c-1.5,0-2.6-0.4-2.6-2.1S64.8,10.2,66.2,10.2z M82.2,10.2c1.7,0.8,2.6,1.4,2.6,3.2s-0.1,3.2-1.6,3.2c-1.5,0-3.7-1.4-3.7-3.2S80.5,9.4,82.2,10.2zM98.6,10.2c1.5,0,2.6,0.4,2.6,2.1s-1.2,4.2-2.6,4.2c-1.5,0-3.7-0.4-3.7-2.1S97.1,10.2,98.6,10.2z M113.4,10.2c1.2,0,2.2,0.9,2.2,3.2s-0.1,3.2-1.3,3.2s-3.1-1.4-3.1-3.2S112.2,10.2,113.4,10.2z&#039;\/%3E%3C\/svg%3E&quot;);\">\n\t\t\t<span class=\"elementor-divider-separator\">\n\t\t\t\t\t\t<\/span>\n\t\t<\/div>\n\t\t\t\t\t\t<\/div>\n\t\t\t\t<\/div>\n\t\t\t\t<div class=\"elementor-element elementor-element-9c0ea4f elementor-widget elementor-widget-heading\" data-id=\"9c0ea4f\" data-element_type=\"widget\" data-e-type=\"widget\" data-widget_type=\"heading.default\">\n\t\t\t\t<div class=\"elementor-widget-container\">\n\t\t\t\t\t<h1 class=\"elementor-heading-title elementor-size-default\">Die Schule<\/h1>\t\t\t\t<\/div>\n\t\t\t\t<\/div>\n\t\t\t\t<div class=\"elementor-element elementor-element-38c4044 elementor-widget elementor-widget-text-editor\" data-id=\"38c4044\" data-element_type=\"widget\" data-e-type=\"widget\" data-widget_type=\"text-editor.default\">\n\t\t\t\t<div class=\"elementor-widget-container\">\n\t\t\t\t\t\t\t\t\tAljezur ist ein Ort voller Str\u00e4nde mit hervorragenden Bedingungen zum Surfen. Als Surfer in Aljezur haben wir Zugang zu verschiedenen Arten von Wellen und Bedingungen, um diesen Sport in der Natur auszu\u00fcben!\r\n\r\nAus beruflichen Gr\u00fcnden bin ich einem Ziel n\u00e4her gekommen, das ich heute mein Zuhause nenne. Ich habe einen Abschluss als Ingenieur im Bereich Bauwesen und habe meinen Beruf in der N\u00e4he meiner Leidenschaft, Wellen und Natur, entwickelt. Nat\u00fcrlich dominierte die Leidenschaft f\u00fcr Wellen meine Tage, die M\u00f6glichkeit, t\u00e4glich dem Meer nahe zu sein und die Natur, die uns umgibt, zu genie\u00dfen, wurde zu meinem Alltag. Ich bin in der Stadt Olh\u00e3o aufgewachsen, wo ich seit ich denken kann auf den Wellen der vorgelagerten Inseln zu reiten begann. Es war nur eine Frage der Zeit, bis meine Eltern mir ein Board und sp\u00e4ter, Jahre sp\u00e4ter, einen Neoprenanzug f\u00fcr die Wintermonate schenkten. Aljezur Experiences gibt mir die M\u00f6glichkeit, meine Tage in Kontakt mit dem Meer zu verbringen und meine Erfahrung und Leidenschaft in unseren Surfkursen zu teilen.\t\t\t\t\t\t\t\t<\/div>\n\t\t\t\t<\/div>\n\t\t\t\t\t<\/div>\n\t\t<\/div>\n\t\t\t\t<div class=\"elementor-column elementor-col-50 elementor-top-column elementor-element elementor-element-11871f1\" data-id=\"11871f1\" data-element_type=\"column\" data-e-type=\"column\" data-settings=\"{&quot;background_background&quot;:&quot;classic&quot;}\">\n\t\t\t<div class=\"elementor-widget-wrap elementor-element-populated\">\n\t\t\t\t\t\t<div class=\"elementor-element elementor-element-a5ed2b5 elementor-widget elementor-widget-spacer\" data-id=\"a5ed2b5\" data-element_type=\"widget\" data-e-type=\"widget\" data-widget_type=\"spacer.default\">\n\t\t\t\t<div class=\"elementor-widget-container\">\n\t\t\t\t\t\t\t<div class=\"elementor-spacer\">\n\t\t\t<div class=\"elementor-spacer-inner\"><\/div>\n\t\t<\/div>\n\t\t\t\t\t\t<\/div>\n\t\t\t\t<\/div>\n\t\t\t\t\t<\/div>\n\t\t<\/div>\n\t\t\t\t\t<\/div>\n\t\t<\/section>\n\t\t\t\t<section class=\"elementor-section elementor-top-section elementor-element elementor-element-c6a1aa9 elementor-section-content-middle elementor-section-boxed elementor-section-height-default elementor-section-height-default\" data-id=\"c6a1aa9\" data-element_type=\"section\" data-e-type=\"section\" data-settings=\"{&quot;jet_parallax_layout_list&quot;:[]}\">\n\t\t\t\t\t\t<div class=\"elementor-container elementor-column-gap-default\">\n\t\t\t\t\t<div class=\"elementor-column elementor-col-50 elementor-top-column elementor-element elementor-element-a18a83e\" data-id=\"a18a83e\" data-element_type=\"column\" data-e-type=\"column\" data-settings=\"{&quot;background_background&quot;:&quot;classic&quot;}\">\n\t\t\t<div class=\"elementor-widget-wrap elementor-element-populated\">\n\t\t\t\t\t\t<div class=\"elementor-element elementor-element-bcfec86 elementor-widget elementor-widget-spacer\" data-id=\"bcfec86\" data-element_type=\"widget\" data-e-type=\"widget\" data-widget_type=\"spacer.default\">\n\t\t\t\t<div class=\"elementor-widget-container\">\n\t\t\t\t\t\t\t<div class=\"elementor-spacer\">\n\t\t\t<div class=\"elementor-spacer-inner\"><\/div>\n\t\t<\/div>\n\t\t\t\t\t\t<\/div>\n\t\t\t\t<\/div>\n\t\t\t\t\t<\/div>\n\t\t<\/div>\n\t\t\t\t<div class=\"elementor-column elementor-col-50 elementor-top-column elementor-element elementor-element-fc73b1e\" data-id=\"fc73b1e\" data-element_type=\"column\" data-e-type=\"column\">\n\t\t\t<div class=\"elementor-widget-wrap elementor-element-populated\">\n\t\t\t\t\t\t<div class=\"elementor-element elementor-element-2c53875 elementor-widget elementor-widget-text-editor\" data-id=\"2c53875\" data-element_type=\"widget\" data-e-type=\"widget\" data-widget_type=\"text-editor.default\">\n\t\t\t\t<div class=\"elementor-widget-container\">\n\t\t\t\t\t\t\t\t\tDie ersten Sch\u00e4ume waren auf den vorgelagerten Inseln, dann wollen wir auch andere Orte und andere Wellen erkunden. Wir brechen mit Freunden zu Ausfl\u00fcgen auf, legen manchmal endlose Kilometer zur\u00fcck, um an der Vicentinischen K\u00fcste zu surfen. Erkunden Sie sp\u00e4ter die mythischen Surfspots in Portugal, Ericeira, heute das World Surfing Reserve mit hervorragenden Wellenbedingungen, Peniche, wo die World Surfing Circuit einen Halt hat, Nazar\u00e9, das weltweit f\u00fcr seine GIANT Waves bekannt ist, und so viele andere Ecken in diesem Portugal .\t\t\t\t\t\t\t\t<\/div>\n\t\t\t\t<\/div>\n\t\t\t\t\t<\/div>\n\t\t<\/div>\n\t\t\t\t\t<\/div>\n\t\t<\/section>\n\t\t\t\t<section class=\"elementor-section elementor-top-section elementor-element elementor-element-5e5ae70 elementor-section-content-middle elementor-reverse-mobile elementor-section-boxed elementor-section-height-default elementor-section-height-default\" data-id=\"5e5ae70\" data-element_type=\"section\" data-e-type=\"section\" data-settings=\"{&quot;jet_parallax_layout_list&quot;:[]}\">\n\t\t\t\t\t\t<div class=\"elementor-container elementor-column-gap-default\">\n\t\t\t\t\t<div class=\"elementor-column elementor-col-50 elementor-top-column elementor-element elementor-element-59362a8\" data-id=\"59362a8\" data-element_type=\"column\" data-e-type=\"column\">\n\t\t\t<div class=\"elementor-widget-wrap elementor-element-populated\">\n\t\t\t\t\t\t<div class=\"elementor-element elementor-element-a727477 elementor-widget elementor-widget-text-editor\" data-id=\"a727477\" data-element_type=\"widget\" data-e-type=\"widget\" data-widget_type=\"text-editor.default\">\n\t\t\t\t<div class=\"elementor-widget-container\">\n\t\t\t\t\t\t\t\t\tDie Wirtschaftskrise hat mich dazu gebracht, ein Jahr meines Lebens anzuhalten und mit Kind und Kegel nach Aljezur zu kommen!\r\n\r\nHeute habe ich mit der Schaffung von Aljezur Experiences einen Traum verwirklicht, in dem ich meine Leidenschaft leben kann!\r\n\r\nUnser Team besteht aus Menschen, die die gleiche Leidenschaft teilen.\t\t\t\t\t\t\t\t<\/div>\n\t\t\t\t<\/div>\n\t\t\t\t\t<\/div>\n\t\t<\/div>\n\t\t\t\t<div class=\"elementor-column elementor-col-50 elementor-top-column elementor-element elementor-element-43bdae2\" data-id=\"43bdae2\" data-element_type=\"column\" data-e-type=\"column\" data-settings=\"{&quot;background_background&quot;:&quot;classic&quot;}\">\n\t\t\t<div class=\"elementor-widget-wrap elementor-element-populated\">\n\t\t\t\t\t\t<div class=\"elementor-element elementor-element-5a41889 elementor-widget elementor-widget-spacer\" data-id=\"5a41889\" data-element_type=\"widget\" data-e-type=\"widget\" data-widget_type=\"spacer.default\">\n\t\t\t\t<div class=\"elementor-widget-container\">\n\t\t\t\t\t\t\t<div class=\"elementor-spacer\">\n\t\t\t<div class=\"elementor-spacer-inner\"><\/div>\n\t\t<\/div>\n\t\t\t\t\t\t<\/div>\n\t\t\t\t<\/div>\n\t\t\t\t\t<\/div>\n\t\t<\/div>\n\t\t\t\t\t<\/div>\n\t\t<\/section>\n\t\t\t\t<\/div>\n\t\t","protected":false},"excerpt":{"rendered":"<p>Die Schule Aljezur ist ein Ort voller Str\u00e4nde mit hervorragenden Bedingungen zum Surfen. Als Surfer in Aljezur haben wir Zugang zu verschiedenen Arten von Wellen und Bedingungen, um diesen Sport in der Natur auszu\u00fcben! Aus beruflichen Gr\u00fcnden bin ich einem Ziel n\u00e4her gekommen, das ich heute mein Zuhause nenne. Ich habe einen Abschluss als Ingenieur [&hellip;]<\/p>\n","protected":false},"author":1,"featured_media":0,"parent":0,"menu_order":0,"comment_status":"closed","ping_status":"closed","template":"elementor_header_footer","meta":{"footnotes":""},"class_list":["post-600","page","type-page","status-publish","hentry"],"acf":[],"yoast_head":"<!-- This site is optimized with the Yoast SEO plugin v27.4 - https:\/\/yoast.com\/product\/yoast-seo-wordpress\/ -->\n<title>Die Schule - Aljezur Experiences<\/title>\n<meta name=\"robots\" content=\"index, follow, max-snippet:-1, max-image-preview:large, max-video-preview:-1\" \/>\n<link rel=\"canonical\" href=\"https:\/\/aljezurexperiences.com\/de\/die-schule\/\" \/>\n<meta property=\"og:locale\" content=\"de_DE\" \/>\n<meta property=\"og:type\" content=\"article\" \/>\n<meta property=\"og:title\" content=\"Die Schule - Aljezur Experiences\" \/>\n<meta property=\"og:description\" content=\"Die Schule Aljezur ist ein Ort voller Str\u00e4nde mit hervorragenden Bedingungen zum Surfen. Als Surfer in Aljezur haben wir Zugang zu verschiedenen Arten von Wellen und Bedingungen, um diesen Sport in der Natur auszu\u00fcben! Aus beruflichen Gr\u00fcnden bin ich einem Ziel n\u00e4her gekommen, das ich heute mein Zuhause nenne. Ich habe einen Abschluss als Ingenieur [&hellip;]\" \/>\n<meta property=\"og:url\" content=\"https:\/\/aljezurexperiences.com\/de\/die-schule\/\" \/>\n<meta property=\"og:site_name\" content=\"Aljezur Experiences\" \/>\n<meta property=\"article:modified_time\" content=\"2022-05-01T11:25:20+00:00\" \/>\n<meta name=\"twitter:card\" content=\"summary_large_image\" \/>\n<meta name=\"twitter:label1\" content=\"Gesch\u00e4tzte Lesezeit\" \/>\n\t<meta name=\"twitter:data1\" content=\"2\u00a0Minuten\" \/>\n<script type=\"application\/ld+json\" class=\"yoast-schema-graph\">{\"@context\":\"https:\\\/\\\/schema.org\",\"@graph\":[{\"@type\":\"WebPage\",\"@id\":\"https:\\\/\\\/aljezurexperiences.com\\\/de\\\/die-schule\\\/\",\"url\":\"https:\\\/\\\/aljezurexperiences.com\\\/de\\\/die-schule\\\/\",\"name\":\"Die Schule - Aljezur Experiences\",\"isPartOf\":{\"@id\":\"https:\\\/\\\/aljezurexperiences.com\\\/#website\"},\"datePublished\":\"2022-03-08T23:52:42+00:00\",\"dateModified\":\"2022-05-01T11:25:20+00:00\",\"breadcrumb\":{\"@id\":\"https:\\\/\\\/aljezurexperiences.com\\\/de\\\/die-schule\\\/#breadcrumb\"},\"inLanguage\":\"de\",\"potentialAction\":[{\"@type\":\"ReadAction\",\"target\":[\"https:\\\/\\\/aljezurexperiences.com\\\/de\\\/die-schule\\\/\"]}]},{\"@type\":\"BreadcrumbList\",\"@id\":\"https:\\\/\\\/aljezurexperiences.com\\\/de\\\/die-schule\\\/#breadcrumb\",\"itemListElement\":[{\"@type\":\"ListItem\",\"position\":1,\"name\":\"Home\",\"item\":\"https:\\\/\\\/aljezurexperiences.com\\\/\"},{\"@type\":\"ListItem\",\"position\":2,\"name\":\"Die Schule\"}]},{\"@type\":\"WebSite\",\"@id\":\"https:\\\/\\\/aljezurexperiences.com\\\/#website\",\"url\":\"https:\\\/\\\/aljezurexperiences.com\\\/\",\"name\":\"Aljezur Experiences\",\"description\":\"Surf School\",\"potentialAction\":[{\"@type\":\"SearchAction\",\"target\":{\"@type\":\"EntryPoint\",\"urlTemplate\":\"https:\\\/\\\/aljezurexperiences.com\\\/?s={search_term_string}\"},\"query-input\":{\"@type\":\"PropertyValueSpecification\",\"valueRequired\":true,\"valueName\":\"search_term_string\"}}],\"inLanguage\":\"de\"}]}<\/script>\n<!-- \/ Yoast SEO plugin. -->","yoast_head_json":{"title":"Die Schule - Aljezur Experiences","robots":{"index":"index","follow":"follow","max-snippet":"max-snippet:-1","max-image-preview":"max-image-preview:large","max-video-preview":"max-video-preview:-1"},"canonical":"https:\/\/aljezurexperiences.com\/de\/die-schule\/","og_locale":"de_DE","og_type":"article","og_title":"Die Schule - Aljezur Experiences","og_description":"Die Schule Aljezur ist ein Ort voller Str\u00e4nde mit hervorragenden Bedingungen zum Surfen. Als Surfer in Aljezur haben wir Zugang zu verschiedenen Arten von Wellen und Bedingungen, um diesen Sport in der Natur auszu\u00fcben! Aus beruflichen Gr\u00fcnden bin ich einem Ziel n\u00e4her gekommen, das ich heute mein Zuhause nenne. Ich habe einen Abschluss als Ingenieur [&hellip;]","og_url":"https:\/\/aljezurexperiences.com\/de\/die-schule\/","og_site_name":"Aljezur Experiences","article_modified_time":"2022-05-01T11:25:20+00:00","twitter_card":"summary_large_image","twitter_misc":{"Gesch\u00e4tzte Lesezeit":"2\u00a0Minuten"},"schema":{"@context":"https:\/\/schema.org","@graph":[{"@type":"WebPage","@id":"https:\/\/aljezurexperiences.com\/de\/die-schule\/","url":"https:\/\/aljezurexperiences.com\/de\/die-schule\/","name":"Die Schule - Aljezur Experiences","isPartOf":{"@id":"https:\/\/aljezurexperiences.com\/#website"},"datePublished":"2022-03-08T23:52:42+00:00","dateModified":"2022-05-01T11:25:20+00:00","breadcrumb":{"@id":"https:\/\/aljezurexperiences.com\/de\/die-schule\/#breadcrumb"},"inLanguage":"de","potentialAction":[{"@type":"ReadAction","target":["https:\/\/aljezurexperiences.com\/de\/die-schule\/"]}]},{"@type":"BreadcrumbList","@id":"https:\/\/aljezurexperiences.com\/de\/die-schule\/#breadcrumb","itemListElement":[{"@type":"ListItem","position":1,"name":"Home","item":"https:\/\/aljezurexperiences.com\/"},{"@type":"ListItem","position":2,"name":"Die Schule"}]},{"@type":"WebSite","@id":"https:\/\/aljezurexperiences.com\/#website","url":"https:\/\/aljezurexperiences.com\/","name":"Aljezur Experiences","description":"Surf School","potentialAction":[{"@type":"SearchAction","target":{"@type":"EntryPoint","urlTemplate":"https:\/\/aljezurexperiences.com\/?s={search_term_string}"},"query-input":{"@type":"PropertyValueSpecification","valueRequired":true,"valueName":"search_term_string"}}],"inLanguage":"de"}]}},"_links":{"self":[{"href":"https:\/\/aljezurexperiences.com\/de\/wp-json\/wp\/v2\/pages\/600","targetHints":{"allow":["GET"]}}],"collection":[{"href":"https:\/\/aljezurexperiences.com\/de\/wp-json\/wp\/v2\/pages"}],"about":[{"href":"https:\/\/aljezurexperiences.com\/de\/wp-json\/wp\/v2\/types\/page"}],"author":[{"embeddable":true,"href":"https:\/\/aljezurexperiences.com\/de\/wp-json\/wp\/v2\/users\/1"}],"replies":[{"embeddable":true,"href":"https:\/\/aljezurexperiences.com\/de\/wp-json\/wp\/v2\/comments?post=600"}],"version-history":[{"count":2,"href":"https:\/\/aljezurexperiences.com\/de\/wp-json\/wp\/v2\/pages\/600\/revisions"}],"predecessor-version":[{"id":752,"href":"https:\/\/aljezurexperiences.com\/de\/wp-json\/wp\/v2\/pages\/600\/revisions\/752"}],"wp:attachment":[{"href":"https:\/\/aljezurexperiences.com\/de\/wp-json\/wp\/v2\/media?parent=600"}],"curies":[{"name":"wp","href":"https:\/\/api.w.org\/{rel}","templated":true}]}}